{"id":5629,"date":"2025-07-23T10:12:39","date_gmt":"2025-07-23T08:12:39","guid":{"rendered":"https:\/\/psiaczniki.pl\/?post_type=product&#038;p=5629"},"modified":"2026-05-10T18:53:02","modified_gmt":"2026-05-10T16:53:02","slug":"adresowka-ksiezyc-2","status":"publish","type":"product","link":"https:\/\/fospi.eu\/en\/product\/adresowka-ksiezyc-2\/","title":{"rendered":"Moon dog ID tag #2"},"content":{"rendered":"<p>&nbsp;<\/p>\n<h2>Z czego tworzone s\u0105 adres\u00f3wki?<\/h2>\n<article class=\"text-token-text-primary w-full focus:outline-none scroll-mt-[calc(var(--header-height)+min(200px,max(70px,20svh)))]\" dir=\"auto\" tabindex=\"-1\" data-turn-id=\"request-WEB:52226019-590f-4e11-a50f-73de55bddf2b-8\" data-testid=\"conversation-turn-18\" data-scroll-anchor=\"true\" data-turn=\"assistant\">\n<div class=\"text-base my-auto mx-auto pb-10 [--thread-content-margin:--spacing(4)] thread-sm:[--thread-content-margin:--spacing(6)] thread-lg:[--thread-content-margin:--spacing(16)] px-(--thread-content-margin)\">\n<div class=\"[--thread-content-max-width:40rem] thread-lg:[--thread-content-max-width:48rem] mx-auto max-w-(--thread-content-max-width) flex-1 group\/turn-messages focus-visible:outline-hidden relative flex w-full min-w-0 flex-col agent-turn\" tabindex=\"-1\">\n<div class=\"flex max-w-full flex-col grow\">\n<div class=\"min-h-8 text-message relative flex w-full flex-col items-end gap-2 text-start break-words whitespace-normal [.text-message+&amp;]:mt-5\" dir=\"auto\" data-message-author-role=\"assistant\" data-message-id=\"9e8a8d2d-720f-4f74-902d-be02d48b5db7\" data-message-model-slug=\"gpt-4o\">\n<div class=\"flex w-full flex-col gap-1 empty:hidden first:pt-[1px]\">\n<div class=\"markdown prose dark:prose-invert w-full break-words light markdown-new-styling\">\n<p data-start=\"103\" data-end=\"501\">Adres\u00f3wki wybijane s\u0105 r\u0119cznie na solidnym mosi\u0105dzu o z\u0142ocistej barwie lub na melchiorze o srebrnym kolorze. Oba metale charakteryzuj\u0105 si\u0119 wyj\u0105tkow\u0105 trwa\u0142o\u015bci\u0105 i estetyk\u0105, co sprawia, \u017ce s\u0105 idealnym wyborem na eleganck\u0105 i wytrzyma\u0142\u0105 adres\u00f3wk\u0119. Ka\u017cdy egzemplarz jest tworzony z dba\u0142o\u015bci\u0105 o najdrobniejsze detale, dzi\u0119ki czemu ka\u017cda adres\u00f3wka jest unikatowa \u2013 nie ma dw\u00f3ch takich samych.<\/p>\n<\/div>\n<\/div>\n<\/div>\n<\/div>\n<\/div>\n<\/div>\n<\/article>\n<h2>Co umieszczamy na adres\u00f3wce?<\/h2>\n<p data-start=\"537\" data-end=\"737\">Na przedniej stronie adres\u00f3wki umieszczamy imi\u0119 Twojego pupila oraz wybrany wz\u00f3r, a na odwrocie \u2013 do dw\u00f3ch numer\u00f3w telefonu. Je\u015bli chcesz doda\u0107 dwa numery, wystarczy wpisa\u0107 je w polu &#8222;numer telefonu&#8221;.<\/p>\n<h2><strong>Mocne i bezpieczne zapi\u0119cie na \u015brub\u0119<\/strong><\/h2>\n<p data-start=\"761\" data-end=\"898\">Do ka\u017cdej adres\u00f3wki do\u0142\u0105czamy <strong>mocne zapi\u0119cie na \u015brub\u0119<\/strong>, kt\u00f3re umo\u017cliwiaj\u0105 \u0142atwe i bezpieczne przymocowanie adres\u00f3wki do obro\u017cy lub szelek.<\/p>\n<p data-start=\"761\" data-end=\"898\">\n<p><strong><em>* Wi\u0119kszo\u015b\u0107 wzor\u00f3w mo\u017cemy przygotowa\u0107 tak\u017ce w innym kszta\u0142cie spo\u015br\u00f3d dost\u0119pnych opcji w naszej ofercie. Je\u015bli masz swoj\u0105 wizj\u0119 adres\u00f3wki, daj nam zna\u0107, a stworzymy idealnie dopasowany produkt dla Twojego pupila.<\/em><\/strong><\/p>\n<p>&nbsp;<\/p>\n<p>&nbsp;<\/p>\n","protected":false},"excerpt":{"rendered":"<p>Handmade dog tag.<br \/>\nDurable, corrosion-resistant, customizable.<br \/>\nOn the front, the dog's name, and on the back, the phone number.<\/p>","protected":false},"featured_media":5631,"template":"","meta":{"_kad_post_transparent":"default","_kad_post_title":"","_kad_post_layout":"default","_kad_post_sidebar_id":"","_kad_post_content_style":"default","_kad_post_vertical_padding":"default","_kad_post_feature":"","_kad_post_feature_position":"","_kad_post_header":false,"_kad_post_footer":false,"_kad_post_classname":""},"product_brand":[],"product_cat":[15,31],"product_tag":[],"class_list":{"0":"post-5629","1":"product","2":"type-product","3":"status-publish","4":"has-post-thumbnail","6":"product_cat-adresowki","7":"product_cat-ksiezyce","9":"first","10":"instock","11":"shipping-taxable","12":"purchasable","13":"product-type-simple","14":"entry","15":"content-bg","16":"loop-entry"},"_links":{"self":[{"href":"https:\/\/fospi.eu\/en\/wp-json\/wp\/v2\/product\/5629","targetHints":{"allow":["GET"]}}],"collection":[{"href":"https:\/\/fospi.eu\/en\/wp-json\/wp\/v2\/product"}],"about":[{"href":"https:\/\/fospi.eu\/en\/wp-json\/wp\/v2\/types\/product"}],"wp:featuredmedia":[{"embeddable":true,"href":"https:\/\/fospi.eu\/en\/wp-json\/wp\/v2\/media\/5631"}],"wp:attachment":[{"href":"https:\/\/fospi.eu\/en\/wp-json\/wp\/v2\/media?parent=5629"}],"wp:term":[{"taxonomy":"product_brand","embeddable":true,"href":"https:\/\/fospi.eu\/en\/wp-json\/wp\/v2\/product_brand?post=5629"},{"taxonomy":"product_cat","embeddable":true,"href":"https:\/\/fospi.eu\/en\/wp-json\/wp\/v2\/product_cat?post=5629"},{"taxonomy":"product_tag","embeddable":true,"href":"https:\/\/fospi.eu\/en\/wp-json\/wp\/v2\/product_tag?post=5629"}],"curies":[{"name":"wp","href":"https:\/\/api.w.org\/{rel}","templated":true}]}}