{"id":29,"date":"2021-12-13T08:57:39","date_gmt":"2021-12-13T08:57:39","guid":{"rendered":"https:\/\/kadence.pixel-show.com\/wooden-craft\/?page_id=15"},"modified":"2026-05-05T15:37:14","modified_gmt":"2026-05-05T13:37:14","slug":"kontakt","status":"publish","type":"page","link":"https:\/\/fospi.eu\/en\/kontakt\/","title":{"rendered":"Contact"},"content":{"rendered":"<style>.kb-row-layout-id29_75dfef-30 > .kt-row-column-wrap{align-content:start;}:where(.kb-row-layout-id29_75dfef-30 > .kt-row-column-wrap) > .wp-block-kadence-column{justify-content:start;}.kb-row-layout-id29_75dfef-30 > .kt-row-column-wrap{column-gap:var(--global-kb-gap-none, 0rem );row-gap:var(--global-kb-gap-md, 2rem);max-width:1256px;margin-left:auto;margin-right:auto;padding-top:var(--global-kb-spacing-xl, 4rem);padding-bottom:var(--global-kb-spacing-xxl, 5rem);grid-template-columns:minmax(0, calc(50% - ((var(--global-kb-gap-none, 0rem ) * 1 )\/2)))minmax(0, calc(50% - ((var(--global-kb-gap-none, 0rem ) * 1 )\/2)));}.kb-row-layout-id29_75dfef-30 > .kt-row-layout-overlay{opacity:0.30;}@media all and (max-width: 1024px){.kb-row-layout-id29_75dfef-30 > .kt-row-column-wrap{grid-template-columns:minmax(0, 1fr) minmax(0, 2fr);}}@media all and (max-width: 767px){.kb-row-layout-id29_75dfef-30 > .kt-row-column-wrap{grid-template-columns:minmax(0, 1fr);}}<\/style><div class=\"kb-row-layout-wrap kb-row-layout-id29_75dfef-30 aligncenter wp-block-kadence-rowlayout\"><div class=\"kt-row-column-wrap kt-has-2-columns kt-row-layout-right-golden kt-tab-layout-inherit kt-mobile-layout-row kt-row-valign-top\">\n<style>.kadence-column29_5ffa14-a7 > .kt-inside-inner-col{padding-bottom:0px;}.kadence-column29_5ffa14-a7 > .kt-inside-inner-col,.kadence-column29_5ffa14-a7 > .kt-inside-inner-col:before{border-top-left-radius:0px;border-top-right-radius:0px;border-bottom-right-radius:0px;border-bottom-left-radius:0px;}.kadence-column29_5ffa14-a7 > .kt-inside-inner-col{column-gap:var(--global-kb-gap-sm, 1rem);}.kadence-column29_5ffa14-a7 > .kt-inside-inner-col{flex-direction:column;}.kadence-column29_5ffa14-a7 > .kt-inside-inner-col > .aligncenter{width:100%;}.kadence-column29_5ffa14-a7 > .kt-inside-inner-col:before{opacity:0.3;}.kadence-column29_5ffa14-a7{position:relative;}.kadence-column29_5ffa14-a7, .kt-inside-inner-col > .kadence-column29_5ffa14-a7:not(.specificity){margin-top:0px;}@media all and (max-width: 1024px){.kadence-column29_5ffa14-a7 > .kt-inside-inner-col{flex-direction:column;justify-content:center;}}@media all and (max-width: 767px){.kadence-column29_5ffa14-a7 > .kt-inside-inner-col{flex-direction:column;justify-content:center;}}<\/style>\n<div class=\"wp-block-kadence-column kadence-column29_5ffa14-a7\"><div class=\"kt-inside-inner-col\"><style>.wp-block-kadence-advancedheading.kt-adv-heading29_1e8f55-75, .wp-block-kadence-advancedheading.kt-adv-heading29_1e8f55-75[data-kb-block=\"kb-adv-heading29_1e8f55-75\"]{margin-top:var(--global-kb-spacing-xl, 4rem);text-align:center;font-style:normal;}.wp-block-kadence-advancedheading.kt-adv-heading29_1e8f55-75 mark.kt-highlight, .wp-block-kadence-advancedheading.kt-adv-heading29_1e8f55-75[data-kb-block=\"kb-adv-heading29_1e8f55-75\"] mark.kt-highlight{font-style:normal;color:#f76a0c;-webkit-box-decoration-break:clone;box-decoration-break:clone;padding-top:0px;padding-right:0px;padding-bottom:0px;padding-left:0px;}.wp-block-kadence-advancedheading.kt-adv-heading29_1e8f55-75 img.kb-inline-image, .wp-block-kadence-advancedheading.kt-adv-heading29_1e8f55-75[data-kb-block=\"kb-adv-heading29_1e8f55-75\"] img.kb-inline-image{width:150px;vertical-align:baseline;}<\/style>\n<h2 class=\"kt-adv-heading29_1e8f55-75 wp-block-kadence-advancedheading\" data-kb-block=\"kb-adv-heading29_1e8f55-75\">Kontakt<\/h2>\n\n\n<style>.wp-block-kadence-advancedheading.kt-adv-heading29_a3a818-c7, .wp-block-kadence-advancedheading.kt-adv-heading29_a3a818-c7[data-kb-block=\"kb-adv-heading29_a3a818-c7\"]{text-align:center;font-style:normal;}.wp-block-kadence-advancedheading.kt-adv-heading29_a3a818-c7 mark.kt-highlight, .wp-block-kadence-advancedheading.kt-adv-heading29_a3a818-c7[data-kb-block=\"kb-adv-heading29_a3a818-c7\"] mark.kt-highlight{font-style:normal;color:#f76a0c;-webkit-box-decoration-break:clone;box-decoration-break:clone;padding-top:0px;padding-right:0px;padding-bottom:0px;padding-left:0px;}.wp-block-kadence-advancedheading.kt-adv-heading29_a3a818-c7 img.kb-inline-image, .wp-block-kadence-advancedheading.kt-adv-heading29_a3a818-c7[data-kb-block=\"kb-adv-heading29_a3a818-c7\"] img.kb-inline-image{width:150px;vertical-align:baseline;}<\/style>\n<p class=\"kt-adv-heading29_a3a818-c7 wp-block-kadence-advancedheading has-theme-palette-3-color has-text-color\" data-kb-block=\"kb-adv-heading29_a3a818-c7\"><strong>Masz pytania? Napisz<\/strong> <strong>lub wype\u0142nij formularz!<\/strong><br><br>Ch\u0119tnie pomog\u0119 i odpowiem na wszystkie wiadomo\u015bci.<br><br>Weronika<\/p>\n\n\n<style>.wp-block-kadence-column.kb-section-dir-horizontal > .kt-inside-inner-col > .kt-info-box29_fc77b0-f8 .kt-blocks-info-box-link-wrap{max-width:unset;}.kt-info-box29_fc77b0-f8 .kt-blocks-info-box-link-wrap{border-top-left-radius:0px;border-top-right-radius:0px;border-bottom-right-radius:0px;border-bottom-left-radius:0px;background:rgba(242, 242, 242, 0);padding-top:20px;padding-right:20px;padding-bottom:20px;padding-left:20px;}.kt-info-box29_fc77b0-f8 .kt-blocks-info-box-link-wrap:hover{background:rgba(242, 242, 242, 0);}.kt-info-box29_fc77b0-f8 .kadence-info-box-icon-container .kt-info-svg-icon, .kt-info-box29_fc77b0-f8 .kt-info-svg-icon-flip, .kt-info-box29_fc77b0-f8 .kt-blocks-info-box-number{font-size:20px;}.kt-info-box29_fc77b0-f8 .kt-blocks-info-box-media{color:var(--global-palette9, #ffffff);background:var(--global-palette1, #3182CE);border-color:#444444;border-radius:10px;overflow:hidden;border-top-width:0px;border-right-width:0px;border-bottom-width:0px;border-left-width:0px;padding-top:10px;padding-right:15px;padding-bottom:10px;padding-left:15px;}.kt-info-box29_fc77b0-f8 .kt-blocks-info-box-media-container{margin-top:0px;margin-right:15px;margin-bottom:15px;margin-left:15px;}.kt-info-box29_fc77b0-f8 .kt-blocks-info-box-media .kadence-info-box-image-intrisic img{border-radius:10px;}.kt-info-box29_fc77b0-f8 .kt-blocks-info-box-link-wrap:hover .kt-blocks-info-box-media{color:var(--global-palette9, #ffffff);background:var(--global-palette1, #3182CE);border-color:#444444;}.kt-info-box29_fc77b0-f8 .kt-infobox-textcontent span.kt-blocks-info-box-title{color:var(--global-palette3, #1A202C);padding-top:0px;padding-right:0px;padding-bottom:0px;padding-left:0px;margin-top:5px;margin-right:0px;margin-bottom:10px;margin-left:0px;}.kt-info-box29_fc77b0-f8 .kt-infobox-textcontent .kt-blocks-info-box-text{color:var(--global-palette4, #2D3748);}.kt-info-box29_fc77b0-f8 .kt-blocks-info-box-learnmore{background:transparent;border-color:#555555;border-width:0px 0px 0px 0px;padding-top:4px;padding-right:8px;padding-bottom:4px;padding-left:8px;margin-top:10px;margin-right:0px;margin-bottom:10px;margin-left:0px;}.kt-info-box29_fc77b0-f8 .kt-blocks-info-box-link-wrap:hover .kt-blocks-info-box-learnmore,.kt-info-box29_fc77b0-f8 .kt-blocks-info-box-link-wrap .kt-blocks-info-box-learnmore:focus{color:#ffffff;background:#444444;border-color:#444444;}<\/style>\n<div class=\"wp-block-kadence-infobox kt-info-box29_fc77b0-f8\"><a class=\"kt-blocks-info-box-link-wrap info-box-link kt-blocks-info-box-media-align-top kt-info-halign-center\" target=\"_blank\" rel=\"noopener noreferrer nofollow\" href=\"mailto:shop@fospi.eu\" aria-label=\"shop@fospi.eu\"><div class=\"kt-blocks-info-box-media-container\"><div class=\"kt-blocks-info-box-media kt-info-media-animate-none\"><div class=\"kadence-info-box-icon-container kt-info-icon-animate-none\"><div class=\"kadence-info-box-icon-inner-container\"><span class=\"kb-svg-icon-wrap kb-svg-icon-fe_mail kt-info-svg-icon\"><svg viewBox=\"0 0 24 24\"  fill=\"none\" stroke=\"currentColor\" stroke-width=\"2\" stroke-linecap=\"round\" stroke-linejoin=\"round\" xmlns=\"http:\/\/www.w3.org\/2000\/svg\"  aria-hidden=\"true\"><path d=\"M4 4h16c1.1 0 2 .9 2 2v12c0 1.1-.9 2-2 2H4c-1.1 0-2-.9-2-2V6c0-1.1.9-2 2-2z\"\/><polyline points=\"22,6 12,13 2,6\"\/><\/svg><\/span><\/div><\/div><\/div><\/div><div class=\"kt-infobox-textcontent\"><span class=\"kt-blocks-info-box-title\"><strong>e-mail<\/strong><\/span><p class=\"kt-blocks-info-box-text\">shop@fospi.eu<\/p><\/div><\/a><\/div>\n<\/div><\/div>\n\n\n<style>.kadence-column29_84d7e2-4a > .kt-inside-inner-col{padding-right:var(--global-kb-spacing-5xl, 10rem);padding-left:var(--global-kb-spacing-sm, 1.5rem);}.kadence-column29_84d7e2-4a > .kt-inside-inner-col,.kadence-column29_84d7e2-4a > .kt-inside-inner-col:before{border-top-left-radius:0px;border-top-right-radius:0px;border-bottom-right-radius:0px;border-bottom-left-radius:0px;}.kadence-column29_84d7e2-4a > .kt-inside-inner-col{column-gap:var(--global-kb-gap-sm, 1rem);}.kadence-column29_84d7e2-4a > .kt-inside-inner-col{flex-direction:column;}.kadence-column29_84d7e2-4a > .kt-inside-inner-col > .aligncenter{width:100%;}.kadence-column29_84d7e2-4a > .kt-inside-inner-col:before{opacity:0.3;}.kadence-column29_84d7e2-4a{position:relative;}@media all and (max-width: 1024px){.kadence-column29_84d7e2-4a > .kt-inside-inner-col{flex-direction:column;justify-content:center;}}@media all and (max-width: 767px){.kadence-column29_84d7e2-4a > .kt-inside-inner-col{padding-top:0px;padding-right:var(--global-kb-spacing-md, 2rem);padding-left:var(--global-kb-spacing-md, 2rem);flex-direction:column;justify-content:center;}}<\/style>\n<div class=\"wp-block-kadence-column kadence-column29_84d7e2-4a\"><div class=\"kt-inside-inner-col\"><style>.wp-block-kadence-form.kadence-form-5904_8ee1a8-20.kb-form-wrap{margin-top:var(--global-kb-spacing-lg, 3rem);margin-right:0px;margin-bottom:0px;margin-left:0px;}.kadence-form-5904_8ee1a8-20 .kb-form .kadence-blocks-form-field{margin-bottom:26px;}.kadence-form-5904_8ee1a8-20 .kb-form .kadence-blocks-form-field .kb-text-style-field, .kadence-form-5904_8ee1a8-20 .kb-form .kadence-blocks-form-field .kb-select-style-field{color:var(--global-palette3, #1A202C);border-radius:0px;border-width:0px 0px 2px 0px;background:#f2f5f1;border-color:rgba(242, 245, 241, 0.39);}.kadence-form-5904_8ee1a8-20 .kb-form .kadence-blocks-form-field > label{color:var(--global-palette3, #1A202C);}.kadence-form-5904_8ee1a8-20 .kb-form .kadence-blocks-form-field .kb-forms-submit{color:var(--global-palette9, #ffffff);border-radius:50px;border-width:14px 14px 14px 14px;}.kadence-form-5904_8ee1a8-20 .kb-form .kadence-blocks-form-field .kb-forms-submit{padding-top:0px;padding-right:0px;padding-bottom:0px;padding-left:0px;}.kadence-form-5904_8ee1a8-20 .kb-form .kadence-blocks-form-field .kb-forms-submit{font-size:14px;text-transform:none;}.kadence-form-5904_8ee1a8-20 .kadence-blocks-form-success{color:var(--global-palette9, #ffffff);border-color:var(--global-palette1, #3182CE);background:var(--global-palette1, #3182CE);}.kadence-form-5904_8ee1a8-20 .kadence-blocks-form-message, .kadence-form-5904_8ee1a8-20 .kb-form-error-msg{border-width:9px 9px 9px 9px;font-family:Poppins;font-style:normal;font-weight:400;}.kb-form input.kadence-blocks-field.verify{opacity:0.0;position:absolute;top:0.0;left:0.0;width:0.0;height:0.0;z-index:-1;}@media all and (max-width: 767px){.wp-block-kadence-form.kadence-form-5904_8ee1a8-20.kb-form-wrap{margin-right:0px;margin-left:0px;}.kadence-form-5904_8ee1a8-20 .kb-form .kadence-blocks-form-field .kb-forms-submit{padding-top:0px;padding-right:0px;padding-bottom:0px;padding-left:0px;}}<\/style>\n<div class=\"wp-block-kadence-form kadence-form-5904_8ee1a8-20 kb-form-wrap\"><form class=\"kb-form\" action=\"\" method=\"post\"><div class=\"kadence-blocks-form-field kb-field-desk-width-100 kb-input-size-small\"><label for=\"kb_field_5904_8ee1a8-20_0\">Imi\u0119<span class=\"required\">*<\/span><\/label><input name=\"kb_field_0\" id=\"kb_field_5904_8ee1a8-20_0\" data-label=\"Imi\u0119\" type=\"text\" placeholder=\"\" value=\"\" data-type=\"text\" class=\"kb-field kb-text-style-field kb-text-field kb-field-0\" data-required=\"yes\"\/><\/div><div class=\"kadence-blocks-form-field kb-form-field-1 kb-field-desk-width-100 kb-input-size-small\"><label for=\"kb_field_5904_8ee1a8-20_1\">E-mail<span class=\"required\">*<\/span><\/label><input name=\"kb_field_1\" id=\"kb_field_5904_8ee1a8-20_1\" data-label=\"E-mail\" type=\"email\" placeholder=\"\" value=\"\" data-type=\"email\" class=\"kb-field kb-text-style-field kb-email-field kb-field-1\" data-required=\"yes\" data-required-message=\"Podaj adres e-mail,\" data-validation-message=\"E-mail jest nieprawid\u0142owy.\"\/><\/div><div class=\"kadence-blocks-form-field kb-form-field-2 kb-field-desk-width-100 kb-input-size-small\"><label for=\"kb_field_5904_8ee1a8-20_2\">Wiadomo\u015b\u0107<span class=\"required\">*<\/span><\/label><textarea name=\"kb_field_2\" id=\"kb_field_5904_8ee1a8-20_2\" data-label=\"Wiadomo\u015b\u0107\" type=\"textarea\" placeholder=\"\" data-type=\"textarea\" class=\"kb-field kb-text-style-field kb-textarea-field kb-field-2\" rows=\"4\" data-required=\"yes\" data-required-message=\"Pole jest wymaganie\"><\/textarea><\/div><div class=\"kadence-blocks-form-field kb-form-field-3 kb-field-desk-width-100 kb-input-size-small kb-accept-form-field\"><input type=\"checkbox\" name=\"kb_field_3\" id=\"kb_field_5904_8ee1a8-20_3\" class=\"kb-field kb-checkbox-style kb-accept\" value=\"accept\" checked data-type=\"accept\" data-required=\"yes\" data-required-message=\"Zaakceptuj polityk\u0119 prywatno\u015bci\"\/><label for=\"kb_field_5904_8ee1a8-20_3\">Zapozna\u0142em\/am si\u0119 i akceptuj\u0119 polityk\u0119 prywatno\u015bci<span class=\"required\">*<\/span><\/label><\/div><input type=\"hidden\" name=\"_kb_form_id\" value=\"5904_8ee1a8-20\"\/><input type=\"hidden\" name=\"_kb_form_post_id\" value=\"29\"\/><input type=\"hidden\" name=\"action\" value=\"kb_process_ajax_submit\"\/><label class=\"kadence-verify-label\">Email<input class=\"kadence-blocks-field verify\" type=\"text\" name=\"_kb_verify_email\" autocomplete=\"new-password\" aria-hidden=\"true\" placeholder=\"Email\" tabindex=\"-1\" data-1p-ignore=\"true\" data-lpignore=\"true\" \/><\/label><div class=\"kadence-blocks-form-field kb-submit-field kb-field-desk-width-50 kb-field-mobile-width-50\"><button class=\"kb-forms-submit button kb-button-size-custom kb-button-width-auto\">Wy\u015blij wiadomo\u015b\u0107<\/button><\/div><\/form><\/div>\n<noscript><div class=\"kadence-blocks-form-message kadence-blocks-form-warning\">Please enable JavaScript in your browser to submit the form<\/div><style>.kadence-form-5904_8ee1a8-20 .kadence-blocks-form-field.kb-submit-field { display: none; }<\/style><\/noscript><\/div><\/div>\n\n<\/div><\/div>\n\n\n<p><\/p>\n","protected":false},"excerpt":{"rendered":"<p>Kontakt Masz pytania? Napisz lub wype\u0142nij formularz! Ch\u0119tnie pomog\u0119 i odpowiem na wszystkie wiadomo\u015bci. Weronika<\/p>","protected":false},"author":1,"featured_media":0,"parent":0,"menu_order":0,"comment_status":"closed","ping_status":"closed","template":"","meta":{"_kad_post_transparent":"","_kad_post_title":"hide","_kad_post_layout":"fullwidth","_kad_post_sidebar_id":"","_kad_post_content_style":"unboxed","_kad_post_vertical_padding":"hide","_kad_post_feature":"hide","_kad_post_feature_position":"","_kad_post_header":false,"_kad_post_footer":false,"_kad_post_classname":"","footnotes":""},"class_list":["post-29","page","type-page","status-publish","hentry"],"_links":{"self":[{"href":"https:\/\/fospi.eu\/en\/wp-json\/wp\/v2\/pages\/29","targetHints":{"allow":["GET"]}}],"collection":[{"href":"https:\/\/fospi.eu\/en\/wp-json\/wp\/v2\/pages"}],"about":[{"href":"https:\/\/fospi.eu\/en\/wp-json\/wp\/v2\/types\/page"}],"author":[{"embeddable":true,"href":"https:\/\/fospi.eu\/en\/wp-json\/wp\/v2\/users\/1"}],"replies":[{"embeddable":true,"href":"https:\/\/fospi.eu\/en\/wp-json\/wp\/v2\/comments?post=29"}],"version-history":[{"count":80,"href":"https:\/\/fospi.eu\/en\/wp-json\/wp\/v2\/pages\/29\/revisions"}],"predecessor-version":[{"id":6517,"href":"https:\/\/fospi.eu\/en\/wp-json\/wp\/v2\/pages\/29\/revisions\/6517"}],"wp:attachment":[{"href":"https:\/\/fospi.eu\/en\/wp-json\/wp\/v2\/media?parent=29"}],"curies":[{"name":"wp","href":"https:\/\/api.w.org\/{rel}","templated":true}]}}