{"id":1512,"date":"2024-09-14T14:53:50","date_gmt":"2024-09-14T12:53:50","guid":{"rendered":"http:\/\/localhost\/stronaadresowki\/wordpress\/wordpress\/?page_id=1512"},"modified":"2026-05-05T18:11:17","modified_gmt":"2026-05-05T16:11:17","slug":"regulamin","status":"publish","type":"page","link":"https:\/\/fospi.eu\/en\/regulamin\/","title":{"rendered":"Terms and Conditions"},"content":{"rendered":"<p><style>\/*! elementor - v3.22.0 - 26-06-2024 *\/<br \/>\n.elementor-column .elementor-spacer-inner{height:var(--spacer-size)}.e-con{--container-widget-width:100%}.e-con-inner>.elementor-widget-spacer,.e-con>.elementor-widget-spacer{width:var(--container-widget-width,var(--spacer-size));--align-self:var(--container-widget-align-self,initial);--flex-shrink:0}.e-con-inner>.elementor-widget-spacer>.elementor-widget-container,.e-con>.elementor-widget-spacer>.elementor-widget-container{height:100%;width:100%}.e-con-inner>.elementor-widget-spacer>.elementor-widget-container>.elementor-spacer,.e-con>.elementor-widget-spacer>.elementor-widget-container>.elementor-spacer{height:100%}.e-con-inner>.elementor-widget-spacer>.elementor-widget-container>.elementor-spacer>.elementor-spacer-inner,.e-con>.elementor-widget-spacer>.elementor-widget-container>.elementor-spacer>.elementor-spacer-inner{height:var(--container-widget-height,var(--spacer-size))}.e-con-inner>.elementor-widget-spacer.elementor-widget-empty,.e-con>.elementor-widget-spacer.elementor-widget-empty{position:relative;min-height:22px;min-width:22px}.e-con-inner>.elementor-widget-spacer.elementor-widget-empty .elementor-widget-empty-icon,.e-con>.elementor-widget-spacer.elementor-widget-empty .elementor-widget-empty-icon{position:absolute;top:0;bottom:0;left:0;right:0;margin:auto;padding:0;width:22px;height:22px}<\/style> <style>\/*! elementor - v3.22.0 - 26-06-2024 *\/<br \/>\n.elementor-heading-title{padding:0;margin:0;line-height:1}.elementor-widget-heading .elementor-heading-title[class*=elementor-size-]>a{color:inherit;font-size:inherit;line-height:inherit}.elementor-widget-heading .elementor-heading-title.elementor-size-small{font-size:15px}.elementor-widget-heading .elementor-heading-title.elementor-size-medium{font-size:19px}.elementor-widget-heading .elementor-heading-title.elementor-size-large{font-size:29px}.elementor-widget-heading .elementor-heading-title.elementor-size-xl{font-size:39px}.elementor-widget-heading .elementor-heading-title.elementor-size-xxl{font-size:59px}<\/style><\/p>\n<h4>Regulamin sklepu<\/h4>\n<p><em><strong>Postanowienia og\u00f3lne<br \/><\/strong><\/em><br \/>Niniejszy Regulamin okre\u015bla zasady korzystania ze Sklepu internetowego oraz zasady i tryb zawierania Um\u00f3w Sprzeda\u017cy na odleg\u0142o\u015b\u0107, wnoszenia i rozpatrywania reklamacji oraz tryb odst\u0105pienia od umowy za po\u015brednictwem Sklepu internetowego przez konsumenta.<\/p>\n<p>Sklep internetowy fospi, dost\u0119pny pod adresem internetowym fospi.eu prowadzony jest przez Weronik\u0119 Fortuna, Umieszcz 178, 38-204 Tarnowiec, prowadz\u0105c\u0105 dzia\u0142alno\u015b\u0107 nierejestrowan\u0105 zgodnie z ustaw\u0105 z dnia 6 marca 2018r \u2013 Prawo przedsi\u0119biorc\u00f3w, w formie sprzeda\u017cy wysy\u0142kowej.<\/p>\n<p>Sklep fospi.eu dzia\u0142a na zasadach okre\u015blonych w niniejszym Regulaminie.<br \/>Ka\u017cda osoba przed przyst\u0105pieniem do u\u017cytkowania Sklepu jest zobowi\u0105zana zapozna\u0107 si\u0119 z jego Regulaminem.<\/p>\n<p>Sklep internetowy prowadzi sprzeda\u017c na terytorium Rzeczypospolitej Polskiej.<\/p>\n<p>Kontakt ze sklepem<br \/>&#8211; Adres e-mail Sprzedawcy: <span class=\"header-title username\">shop@fospi.eu<\/span><br \/>&#8211; Kontakt poprzez formularz dost\u0119pny na stronie fospi.eu<\/p>\n<p>Niniejszy Regulamin jest nieprzerwanie dost\u0119pny w witrynie internetowej fospi.eu, w spos\u00f3b umo\u017cliwiaj\u0105cy jego pozyskanie, odtwarzanie i utrwalanie jego tre\u015bci poprzez wydrukowanie lub zapisanie na no\u015bniku w ka\u017cdej chwili.<\/p>\n<p>Klient mo\u017ce porozumiewa\u0107 si\u0119 ze Sprzedawc\u0105 za pomoc\u0105 adres\u00f3w podanych w niniejszym paragrafie.<\/p>\n<p><strong><em>Definicje<br \/><\/em><\/strong><br \/>Koszyk \u2013 integralna cz\u0119\u015b\u0107 Sklepu Internetowego i systemu zakupowego, w kt\u00f3rej Klient zatwierdza warunki Zam\u00f3wienia tj. rodzaj i ilo\u015b\u0107 Towar\u00f3w, dane do dostawy lub wystawienia faktury, spos\u00f3b p\u0142atno\u015bci.<\/p>\n<p>Dni robocze \u2013 s\u0105 to dni od poniedzia\u0142ku do pi\u0105tku z wy\u0142\u0105czeniem dni ustawowo wolnych od pracy.<\/p>\n<p>Kupuj\u0105cy\u00a0\u2013 Konsument lub Przedsi\u0119biorca korzystaj\u0105cy z us\u0142ug \u015bwiadczonych przez Sprzedawc\u0119 drog\u0105 elektroniczn\u0105 w ramach Sklepu internetowego (w tym w szczeg\u00f3lno\u015bci poprzez za\u0142o\u017cenie Konta) lub zawieraj\u0105cy ze Sprzedawc\u0105 Umow\u0119 Sprzeda\u017cy.<\/p>\n<p>Konsument\u00a0\u2013 konsument w rozumieniu art. 221\u00a0Kodeksu cywilnego, tj. osoba fizyczna posiadaj\u0105ca pe\u0142n\u0105 zdolno\u015b\u0107 do czynno\u015bci prawnych lub \u2013 w wypadkach przewidzianych przez przepisy prawa \u2013 ograniczon\u0105 zdolno\u015b\u0107 do czynno\u015bci prawnych, zawieraj\u0105ca ze Sprzedawc\u0105 Umow\u0119 Sprzeda\u017cy lub korzystaj\u0105ca z us\u0142ug \u015bwiadczonych przez Sprzedawc\u0119 drog\u0105 elektroniczn\u0105 w zakresie niezwi\u0105zanym bezpo\u015brednio z jej dzia\u0142alno\u015bci\u0105 gospodarcz\u0105 lub zawodow\u0105.<\/p>\n<p>Sprzedawca\u00a0\u2013 osoba fizyczna prowadz\u0105ca dzia\u0142alno\u015b\u0107 nierejestrowan\u0105.<\/p>\n<p>Regulamin \u2013 niniejszy dokument.<\/p>\n<p>Sklep \u2013 sklep internetowy prowadzony przez Sprzedawc\u0119 dzia\u0142aj\u0105cy pod adresem fospi.eu<\/p>\n<p>Towar \u2013 produkt cyfrowy prezentowany w Sklepie Internetowym, kt\u00f3rego opis jest dost\u0119pny przy ka\u017cdym z prezentowanych produkt\u00f3w.<\/p>\n<p>Umowa sprzeda\u017cy \u2013 Umowa sprzeda\u017cy Towar\u00f3w w rozumieniu Kodeksu Cywilnego, zawarta pomi\u0119dzy Sprzedawc\u0105 a Klientem.<\/p>\n<p>Zam\u00f3wienie &#8211; o\u015bwiadczenie woli Klienta sk\u0142adane za pomoc\u0105 formularza zam\u00f3wienia, zmierzaj\u0105ce bezpo\u015brednio do zawarcia Umowy Sprzeda\u017cy Produktu lub Produkt\u00f3w ze Sprzedawc\u0105.<\/p>\n<p><strong><em>Sk\u0142adanie i realizacja zam\u00f3wienia<\/em><\/strong><\/p>\n<p>Kupuj\u0105cy mo\u017ce z\u0142o\u017cy\u0107 Zam\u00f3wienie:<\/p>\n<p>&#8211; poprzez wype\u0142nienie Formularza Zam\u00f3wienia dost\u0119pnego bez konieczno\u015bci zak\u0142adania Konta w dowolnym momencie (24 godziny na dob\u0119 7 dni w tygodniu) \u2013 Kupuj\u0105cy powinien doda\u0107 Produkty do Koszyka, wype\u0142ni\u0107 Formularz Zam\u00f3wienia oraz potwierdzi\u0107 Zam\u00f3wienie dedykowanym przyciskiem.<br \/>Sklep internetowy niezw\u0142ocznie tj. w terminie nie d\u0142u\u017cszym jak 24 h, po otrzymaniu oferty potwierdza Kupuj\u0105cemu jej przyj\u0119cie, za po\u015brednictwem wiadomo\u015bci przes\u0142anej na adres poczty elektronicznej Kupuj\u0105cego.<\/p>\n<p>Termin realizacji zam\u00f3wienia &#8211; termin zakupionego towaru realizowany jest zazwyczaj w ci\u0105gu 5 dni roboczych nie licz\u0105c czasu dostawy, przy czym termin liczy si\u0119 od dnia otrzymania przelewu z zap\u0142at\u0105 za produkt przez Sprzedawc\u0119.<\/p>\n<p>Czas realizacji Zam\u00f3wienia mo\u017ce zosta\u0107 przesuni\u0119ty w przypadku wyst\u0105pienia si\u0142y wy\u017cszej, przez kt\u00f3r\u0105 nale\u017cy rozumie\u0107 nieuniknione, nadzwyczajne, nieprzewidywalne i pozostaj\u0105ce poza kontrol\u0105 okoliczno\u015bci, kt\u00f3rych skutk\u00f3w nie mo\u017cna by\u0142o unikn\u0105\u0107 mimo podj\u0119cia wszelkich rozs\u0105dnych dzia\u0142a\u0144, o okres jej trwania.<\/p>\n<p>Warunkiem z\u0142o\u017cenia Zam\u00f3wienia w Sklepie jest zapoznanie si\u0119 Regulaminem.<\/p>\n<p>Do realizacji zam\u00f3wienia niezb\u0119dne jest podanie przez Kupuj\u0105cego nast\u0119puj\u0105cych danych:<\/p>\n<p>&#8211; imi\u0119 i nazwisko,<br \/>&#8211; adres zamieszkania (ulica, kod pocztowy, miejscowo\u015b\u0107)<br \/>adres dostawy (je\u015bli jest inny ni\u017c adres zamieszkania),<br \/>&#8211; danych kontaktowych: adresu e-mail oraz numeru telefonu, w celu weryfikacji zam\u00f3wienia.<\/p>\n<p>Sprzedawca na \u017cyczenie Klienta dostarczy faktur\u0119 uproszczon\u0105 obejmuj\u0105c\u0105 dostarczane Towary, nie d\u0142u\u017cej ni\u017c 3 miesi\u0105ce po zawarciu Umowy.<\/p>\n<p>Przy wype\u0142nianiu Formularza Zam\u00f3wienia, Kupuj\u0105cy zobowi\u0105zany jest do zapoznania si\u0119 z tre\u015bci\u0105 Regulaminu i Polityki prywatno\u015bci oraz do akceptacji ich tre\u015bci<\/p>\n<p><em><strong>Metody p\u0142atno\u015bci oraz dostawy<\/strong><\/em><\/p>\n<p>Cena Produktu widoczna na stronie internetowej Sklepu podana jest w z\u0142otych polskich (PLN) i zawiera wszystkie sk\u0142adniki, w tym podatek VAT. Cena nie zawiera koszt\u00f3w dostawy.<\/p>\n<p>O ca\u0142kowitej cenie za Produkty obj\u0119te Zam\u00f3wieniem, kt\u00f3ra uwzgl\u0119dnia koszty dostawy, Kupuj\u0105cy informowany jest przed z\u0142o\u017ceniem Zam\u00f3wienia.<\/p>\n<p>Sprzedawca udost\u0119pnia kupuj\u0105cemu nast\u0119puj\u0105ce metody p\u0142atno\u015bci:<\/p>\n<p>&#8211; przelewem na numer konta bankowego 10 1140 2004 0000 3602 7777 4909<br \/>&#8211; p\u0142atno\u015bci\u0105 w systemie stripe<\/p>\n<p>Produkt zostanie wys\u0142any dopiero po jego op\u0142aceniu i wp\u0142yni\u0119ciu \u015brodk\u00f3w na konto sprzedawcy.<\/p>\n<p>Kupuj\u0105cy mo\u017ce podczas sk\u0142adania Zam\u00f3wienia \u2013 wedle swojego uznania &#8211; wybra\u0107 jeden z nast\u0119puj\u0105cych sposob\u00f3w dostawy:<\/p>\n<p>&#8211; Paczkomaty Inpost<br \/>&#8211; Kurier Inpost<\/p>\n<p>Produkty dostarczane s\u0105 na adres Kupuj\u0105cego podany podczas sk\u0142adania Zam\u00f3wienia.<\/p>\n<p>Koszty dostawy naliczane s\u0105 zgodnie z aktualnymi cennikami dostaw i zale\u017c\u0105 od wagi oraz rozmiar\u00f3w przesy\u0142ki. Kupuj\u0105cy jest informowany o kosztach dostawy przed z\u0142o\u017ceniem Zam\u00f3wienia.<\/p>\n<p>Koszty dostawy ponosi Kupuj\u0105cy.<\/p>\n<p style=\"margin-bottom: var(--global-md-spacing);\"><em><strong>Odst\u0105pienie od umowy<br \/><\/strong><\/em><br \/>Produkty sprzedawane w sklepie fospi nie podlegaj\u0105 zwrotom, gdy\u017c tworzone s\u0105 wed\u0142ug specyfikacji klienta tj. zawieraj\u0105 imi\u0119 i numer telefonu.<br \/>Wed\u0142ug kodeksu praw konsumenta, art. 38<br \/>Prawo odst\u0105pienia od umowy zawartej na odleg\u0142o\u015b\u0107 nie przys\u0142uguje Konsumentowi w odniesieniu do umowy:<\/p>\n<p style=\"margin-bottom: var(--global-md-spacing);\">a. w kt\u00f3rej przedmiotem \u015bwiadczenia jest rzecz nieprefabrykowana, wyprodukowana wed\u0142ug specyfikacji Konsumenta lub s\u0142u\u017c\u0105ca zaspokojeniu jego zindywidualizowanych potrzeb.\u00a0(&#8230;)<\/p>\n<p style=\"margin-bottom: var(--global-md-spacing);\"><em><strong>Reklamacja<br \/><\/strong><\/em><br \/>W przypadku wyst\u0105pienia wady zakupionego u Sprzedawcy towaru Kupuj\u0105cy ma prawo do reklamacji w oparciu o przepisy dotycz\u0105ce r\u0119kojmi w kodeksie cywilnym.<\/p>\n<p style=\"margin-bottom: var(--global-md-spacing);\">Reklamacj\u0119 nale\u017cy zg\u0142osi\u0107 drog\u0105 elektroniczn\u0105 na adres fospi.eu<br \/>Reklamacj\u0119 mo\u017cesz zg\u0142osi\u0107 w ci\u0105gu 3 dni od zauwa\u017cenia wady.<\/p>\n<p style=\"margin-bottom: var(--global-md-spacing);\">Reklamacja powinna zawiera\u0107:<br \/>&#8211; imi\u0119 i nazwisko Kupuj\u0105cego,<br \/>&#8211; nazw\u0119 towaru oraz dat\u0119 zakupu,<br \/>&#8211; opis i rodzaj dostrze\u017conej wady.<\/p>\n<p style=\"margin-bottom: var(--global-md-spacing);\">Sprzedawca ustosunkuje si\u0119 do \u017c\u0105dania reklamacyjnego niezw\u0142ocznie, nie p\u00f3\u017aniej ni\u017c w terminie 14 dni, a je\u015bli nie zrobi tego w tym terminie, uwa\u017ca si\u0119, \u017ce \u017c\u0105danie uzna\u0142 za uzasadnione.<\/p>\n<p style=\"margin-bottom: var(--global-md-spacing);\">Towary odsy\u0142ane w ramach procedury reklamacyjnej nale\u017cy wysy\u0142a\u0107 na adres podany przez sprzedawc\u0119.<\/p>\n<p style=\"margin-bottom: var(--global-md-spacing);\">Reklamacji nie podlegaj\u0105 r\u00f3wnie\u017c uszczerbki wynikaj\u0105ce z naturalnego zu\u017cycia produkt\u00f3w podczas ich u\u017cytkowania.<\/p>\n<p style=\"margin-bottom: var(--global-md-spacing);\">W przypadku wykrycia wady reklamowanego towaru maj\u0105 Pa\u0144stwo prawo:<\/p>\n<p style=\"margin-bottom: var(--global-md-spacing);\">&#8211; \u017c\u0105da\u0107 wymiany rzeczy na woln\u0105 od wad,<br \/>&#8211; \u017c\u0105da\u0107 usuni\u0119cia wady,<br \/>&#8211; z\u0142o\u017cy\u0107 o\u015bwiadczenie o \u017c\u0105daniu obni\u017cenia ceny lub odst\u0105pienia od umowy.<\/p>\n<p style=\"margin-bottom: 0px;\">Koszty przesy\u0142ki zwi\u0105zane z wysy\u0142k\u0105 reklamacji uznanej pokrywa konsument.<\/p>\n<p><em><strong>Polityka prywatno\u015bci<\/strong><\/em><\/p>\n<p style=\"margin-bottom: var(--global-md-spacing);\">Niniejsza Polityka Prywatno\u015bci okre\u015bla zasady gromadzenia, przetwarzania i wykorzystywania danych osobowych pozyskanych przez Sklep Internetowy fospi.eu<\/p>\n<p style=\"margin-bottom: var(--global-md-spacing);\"><strong><em>Administrator danych<\/em><\/strong><\/p>\n<p style=\"margin-bottom: var(--global-md-spacing);\">Administratorem danych osobowych jest Weronika Fortuna, prowadz\u0105ca dzia\u0142alno\u015b\u0107 nierejestrowan\u0105 zgodnie z ustaw\u0105 z dnia 6 marca 2018 r. \u2013 Prawo przedsi\u0119biorc\u00f3w, z siedzib\u0105 w Umieszcz 178, 38-204 Tarnowiec. Z administratorem mo\u017cna skontaktowa\u0107 si\u0119:<\/p>\n<p style=\"margin-bottom: var(--global-md-spacing);\">&#8211; Adres e-mail: fospi.eu<a style=\"transition-property: all;\" rel=\"noopener\"><br \/><\/a>&#8211; Listownie: Weronika Fortuna, Umieszcz 178, 38-204 Tarnowiec<\/p>\n<p style=\"margin-bottom: var(--global-md-spacing);\"><em><strong>Zakres zbieranych danych<\/strong><\/em><\/p>\n<p style=\"margin-bottom: var(--global-md-spacing);\">Przetwarzamy dane osobowe w zakresie:<\/p>\n<p style=\"margin-bottom: var(--global-md-spacing);\">&#8211; Imi\u0119 i nazwisko,<br \/>&#8211; Adres e-mail,<br \/>&#8211; Adres zamieszkania\/dostawy,<br \/>&#8211; Numer telefonu.<\/p>\n<p style=\"margin-bottom: var(--global-md-spacing);\"><em><strong>Cele przetwarzania danych<\/strong><\/em><\/p>\n<p style=\"margin-bottom: var(--global-md-spacing);\">Dane osobowe Kupuj\u0105cego s\u0105 przetwarzane w celu:<\/p>\n<p style=\"margin-bottom: var(--global-md-spacing);\">&#8211; Przyj\u0119cia zam\u00f3wienia, realizacji umowy sprzeda\u017cy i dostawy zam\u00f3wionych produkt\u00f3w,<br \/>&#8211; Obs\u0142ugi reklamacji oraz innych spraw zwi\u0105zanych z finalizacj\u0105 zam\u00f3wienia,<br \/>&#8211; Komunikacji z Klientem w ramach obs\u0142ugi zam\u00f3wienia.<\/p>\n<p style=\"margin-bottom: var(--global-md-spacing);\">Kupuj\u0105cy wyra\u017ca zgod\u0119 na przekazanie niezb\u0119dnych danych osobowych podmiotom odpowiedzialnym za realizacj\u0119 zam\u00f3wienia, takim jak firmy kurierskie i podmioty obs\u0142uguj\u0105ce p\u0142atno\u015bci. Dane te s\u0105 przekazywane wy\u0142\u0105cznie w celach zwi\u0105zanych z realizacj\u0105 zam\u00f3wienia.<\/p>\n<p style=\"margin-bottom: var(--global-md-spacing);\"><em><strong>Odbiorcy danych<\/strong><\/em><\/p>\n<p style=\"margin-bottom: var(--global-md-spacing);\">Odbiorcami danych osobowych mog\u0105 by\u0107:<\/p>\n<p style=\"margin-bottom: var(--global-md-spacing);\">&#8211; Podmioty obs\u0142uguj\u0105ce p\u0142atno\u015bci,<br \/>&#8211; Firmy kurierskie i pocztowe odpowiedzialne za dostarczenie zam\u00f3wienia.<\/p>\n<p style=\"margin-bottom: var(--global-md-spacing);\">Dane te s\u0105 przekazywane tylko w celach niezb\u0119dnych do realizacji zam\u00f3wienia i zgodnie z przepisami prawa.<\/p>\n<p style=\"margin-bottom: var(--global-md-spacing);\"><em><strong>Prawa os\u00f3b, kt\u00f3rych dane dotycz\u0105<\/strong><\/em><\/p>\n<p style=\"margin-bottom: var(--global-md-spacing);\">Ka\u017cda osoba, kt\u00f3rej dane dotycz\u0105, ma prawo do:<\/p>\n<p style=\"margin-bottom: var(--global-md-spacing);\">&#8211; Dost\u0119pu do swoich danych osobowych,<br \/>&#8211; Sprostowania swoich danych,<br \/>&#8211; Usuni\u0119cia danych (\u201eprawo do bycia zapomnianym\u201d),<br \/>&#8211; Ograniczenia przetwarzania,<br \/>&#8211; Sprzeciwu wobec przetwarzania danych,<br \/>&#8211; Przenoszenia danych,<br \/>&#8211; Wniesienia skargi do organu nadzorczego (Prezesa Urz\u0119du Ochrony Danych Osobowych).<\/p>\n<p style=\"margin-bottom: var(--global-md-spacing);\"><em><strong>Okres przechowywania danych<\/strong><\/em><\/p>\n<p style=\"margin-bottom: var(--global-md-spacing);\">Dane osobowe b\u0119d\u0105 przechowywane przez okres niezb\u0119dny do realizacji zam\u00f3wienia, a nast\u0119pnie przez okres zgodny z przepisami prawa, w tym dotycz\u0105cymi przedawnienia roszcze\u0144.<\/p>\n<p style=\"margin-bottom: var(--global-md-spacing);\"><em><strong>Bezpiecze\u0144stwo danych<\/strong><\/em><\/p>\n<p style=\"margin-bottom: var(--global-md-spacing);\">Sklep internetowy fospi.eu zobowi\u0105zuje si\u0119 do ochrony danych osobowych Kupuj\u0105cych przed dost\u0119pem os\u00f3b nieupowa\u017cnionych oraz ich niew\u0142a\u015bciwym wykorzystaniem. Stosujemy odpowiednie \u015brodki techniczne i organizacyjne, aby zapewni\u0107 bezpiecze\u0144stwo przetwarzanych danych zgodnie z obowi\u0105zuj\u0105cymi przepisami prawa.<\/p>\n<p style=\"margin-bottom: var(--global-md-spacing);\"><em><strong>Polityka plik\u00f3w cookies<\/strong><\/em><\/p>\n<p style=\"margin-bottom: var(--global-md-spacing);\">fospi.eu korzysta z plik\u00f3w cookies, kt\u00f3re s\u0105 plikami tekstowymi przechowywanymi w urz\u0105dzeniu ko\u0144cowym U\u017cytkownika, umo\u017cliwiaj\u0105cymi korzystanie ze strony internetowej.<\/p>\n<p style=\"margin-bottom: var(--global-md-spacing);\">Pliki cookies s\u0105 wykorzystywane w celu:<\/p>\n<p style=\"margin-bottom: var(--global-md-spacing);\">&#8211; Utrzymania sesji u\u017cytkownika po zalogowaniu,<br \/>&#8211; Dostosowania zawarto\u015bci strony internetowej do preferencji U\u017cytkownika,<br \/>&#8211; Tworzenia statystyk pomagaj\u0105cych zrozumie\u0107, w jaki spos\u00f3b U\u017cytkownicy korzystaj\u0105 ze strony.<\/p>\n<p style=\"margin-bottom: var(--global-md-spacing);\">W ramach Sklepu internetowego stosowane s\u0105 dwa rodzaje plik\u00f3w cookies: \u201esesyjne\u201d (tymczasowe) oraz \u201esta\u0142e\u201d. Cookies \u201esesyjne\u201d s\u0105 przechowywane na urz\u0105dzeniu U\u017cytkownika do momentu wylogowania lub zamkni\u0119cia przegl\u0105darki, natomiast \u201esta\u0142e\u201d \u2013 do czasu ich usuni\u0119cia przez U\u017cytkownika lub wyga\u015bni\u0119cia ich wa\u017cno\u015bci.<\/p>\n<p style=\"margin-bottom: var(--global-md-spacing);\">U\u017cytkownik mo\u017ce w ka\u017cdej chwili zmieni\u0107 ustawienia dotycz\u0105ce cookies w swojej przegl\u0105darce internetowej, w tym zablokowa\u0107 automatyczn\u0105 obs\u0142ug\u0119 plik\u00f3w cookies lub usun\u0105\u0107 ju\u017c zapisane pliki.<\/p>\n<p style=\"margin-bottom: var(--global-md-spacing);\"><strong><em>Zmiany w polityce prywatno\u015bci<\/em><\/strong><\/p>\n<p>Zastrzegamy sobie prawo do wprowadzania zmian w niniejszej polityce prywatno\u015bci. O wszelkich zmianach b\u0119dziemy informowa\u0107 na stronie internetowej sklepu. Aktualna wersja polityki prywatno\u015bci obowi\u0105zuje od momentu jej opublikowania.<\/p>\n<p><em><strong>Informacje o dostawie<\/strong><\/em><\/p>\n<p style=\"margin-bottom: var(--global-md-spacing);\">Dbamy o to, aby Twoje zam\u00f3wienie dotar\u0142o do Ciebie w szybki i bezpieczny spos\u00f3b. Oferujemy kilka opcji dostawy, aby\u015b m\u00f3g\u0142 wybra\u0107 najbardziej dogodn\u0105 form\u0119 odbioru przesy\u0142ki.<\/p>\n<p style=\"margin-bottom: var(--global-md-spacing);\">1. Dostawa kurierem InPost \u2013 zam\u00f3wienia s\u0105 realizowane i dostarczane za po\u015brednictwem kuriera InPost bezpo\u015brednio pod wskazany adres.<br \/>2. Dostawa do paczkomatu InPost \u2013 istnieje mo\u017cliwo\u015b\u0107 dostawy do wybranego paczkomatu InPost, co pozwala na odbi\u00f3r paczki o dogodnej porze.<\/p>\n<p>Koszty dostawy oraz czas realizacji zam\u00f3wienia zale\u017c\u0105 od wybranej formy wysy\u0142ki i s\u0105 podane w trakcie sk\u0142adania zam\u00f3wienia.<\/p>\n\n\n<p><\/p>\n","protected":false},"excerpt":{"rendered":"<p>Regulamin sklepu Postanowienia og\u00f3lneNiniejszy Regulamin okre\u015bla zasady korzystania ze Sklepu internetowego oraz zasady i tryb zawierania Um\u00f3w Sprzeda\u017cy na odleg\u0142o\u015b\u0107, wnoszenia i rozpatrywania reklamacji oraz tryb odst\u0105pienia od umowy za po\u015brednictwem Sklepu internetowego przez konsumenta. Sklep internetowy fospi, dost\u0119pny pod adresem internetowym fospi.eu prowadzony jest przez Weronik\u0119 Fortuna, Umieszcz 178, 38-204 Tarnowiec, prowadz\u0105c\u0105 dzia\u0142alno\u015b\u0107 nierejestrowan\u0105&#8230;<\/p>","protected":false},"author":1,"featured_media":0,"parent":0,"menu_order":0,"comment_status":"closed","ping_status":"closed","template":"","meta":{"_kad_post_transparent":"","_kad_post_title":"hide","_kad_post_layout":"normal","_kad_post_sidebar_id":"","_kad_post_content_style":"unboxed","_kad_post_vertical_padding":"hide","_kad_post_feature":"hide","_kad_post_feature_position":"","_kad_post_header":false,"_kad_post_footer":false,"_kad_post_classname":"","footnotes":""},"class_list":["post-1512","page","type-page","status-publish","hentry"],"_links":{"self":[{"href":"https:\/\/fospi.eu\/en\/wp-json\/wp\/v2\/pages\/1512","targetHints":{"allow":["GET"]}}],"collection":[{"href":"https:\/\/fospi.eu\/en\/wp-json\/wp\/v2\/pages"}],"about":[{"href":"https:\/\/fospi.eu\/en\/wp-json\/wp\/v2\/types\/page"}],"author":[{"embeddable":true,"href":"https:\/\/fospi.eu\/en\/wp-json\/wp\/v2\/users\/1"}],"replies":[{"embeddable":true,"href":"https:\/\/fospi.eu\/en\/wp-json\/wp\/v2\/comments?post=1512"}],"version-history":[{"count":13,"href":"https:\/\/fospi.eu\/en\/wp-json\/wp\/v2\/pages\/1512\/revisions"}],"predecessor-version":[{"id":6521,"href":"https:\/\/fospi.eu\/en\/wp-json\/wp\/v2\/pages\/1512\/revisions\/6521"}],"wp:attachment":[{"href":"https:\/\/fospi.eu\/en\/wp-json\/wp\/v2\/media?parent=1512"}],"curies":[{"name":"wp","href":"https:\/\/api.w.org\/{rel}","templated":true}]}}