{"id":1491,"date":"2024-09-14T14:32:49","date_gmt":"2024-09-14T12:32:49","guid":{"rendered":"http:\/\/localhost\/stronaadresowki\/wordpress\/wordpress\/?page_id=1491"},"modified":"2026-05-05T18:15:58","modified_gmt":"2026-05-05T16:15:58","slug":"polityka-prywatnosci","status":"publish","type":"page","link":"https:\/\/fospi.eu\/en\/polityka-prywatnosci\/","title":{"rendered":"Privacy policy"},"content":{"rendered":"<style>\/*! elementor - v3.22.0 - 26-06-2024 *\/<br \/>\n.elementor-column .elementor-spacer-inner{height:var(--spacer-size)}.e-con{--container-widget-width:100%}.e-con-inner>.elementor-widget-spacer,.e-con>.elementor-widget-spacer{width:var(--container-widget-width,var(--spacer-size));--align-self:var(--container-widget-align-self,initial);--flex-shrink:0}.e-con-inner>.elementor-widget-spacer>.elementor-widget-container,.e-con>.elementor-widget-spacer>.elementor-widget-container{height:100%;width:100%}.e-con-inner>.elementor-widget-spacer>.elementor-widget-container>.elementor-spacer,.e-con>.elementor-widget-spacer>.elementor-widget-container>.elementor-spacer{height:100%}.e-con-inner>.elementor-widget-spacer>.elementor-widget-container>.elementor-spacer>.elementor-spacer-inner,.e-con>.elementor-widget-spacer>.elementor-widget-container>.elementor-spacer>.elementor-spacer-inner{height:var(--container-widget-height,var(--spacer-size))}.e-con-inner>.elementor-widget-spacer.elementor-widget-empty,.e-con>.elementor-widget-spacer.elementor-widget-empty{position:relative;min-height:22px;min-width:22px}.e-con-inner>.elementor-widget-spacer.elementor-widget-empty .elementor-widget-empty-icon,.e-con>.elementor-widget-spacer.elementor-widget-empty .elementor-widget-empty-icon{position:absolute;top:0;bottom:0;left:0;right:0;margin:auto;padding:0;width:22px;height:22px}<\/style>\n<style>\/*! elementor - v3.22.0 - 26-06-2024 *\/<br \/>\n.elementor-heading-title{padding:0;margin:0;line-height:1}.elementor-widget-heading .elementor-heading-title[class*=elementor-size-]>a{color:inherit;font-size:inherit;line-height:inherit}.elementor-widget-heading .elementor-heading-title.elementor-size-small{font-size:15px}.elementor-widget-heading .elementor-heading-title.elementor-size-medium{font-size:19px}.elementor-widget-heading .elementor-heading-title.elementor-size-large{font-size:29px}.elementor-widget-heading .elementor-heading-title.elementor-size-xl{font-size:39px}.elementor-widget-heading .elementor-heading-title.elementor-size-xxl{font-size:59px}<\/style>\n<h4>Polityka prywatno\u015bci<\/h4>\n<p>Niniejsza Polityka Prywatno\u015bci okre\u015bla zasady gromadzenia, przetwarzania i wykorzystywania danych osobowych pozyskanych przez Sklep Internetowy fospi.eu.<\/p>\n<p><strong><em>Administrator danych<\/em><\/strong><\/p>\n<p>Administratorem danych osobowych jest Weronika Fortuna, prowadz\u0105ca dzia\u0142alno\u015b\u0107 nierejestrowan\u0105 zgodnie z ustaw\u0105 z dnia 6 marca 2018 r. \u2013 Prawo przedsi\u0119biorc\u00f3w, z siedzib\u0105 w Umieszcz 178, 38-204 Tarnowiec. Z administratorem mo\u017cna skontaktowa\u0107 si\u0119:<\/p>\n<p>&#8211; Adres e-mail: shop@fospi.eu<br \/>\n&#8211; Listownie: Weronika Fortuna, Umieszcz 178, 38-204 Tarnowiec<\/p>\n<p><em><strong>Zakres zbieranych danych<\/strong><\/em><\/p>\n<p>Przetwarzamy dane osobowe w zakresie:<\/p>\n<p>&#8211; Imi\u0119 i nazwisko,<br \/>\n&#8211; Adres e-mail,<br \/>\n&#8211; Adres zamieszkania\/dostawy,<br \/>\n&#8211; Numer telefonu.<\/p>\n<p><em><strong>Cele przetwarzania danych<\/strong><\/em><\/p>\n<p>Dane osobowe Kupuj\u0105cego s\u0105 przetwarzane w celu:<\/p>\n<p>&#8211; Przyj\u0119cia zam\u00f3wienia, realizacji umowy sprzeda\u017cy i dostawy zam\u00f3wionych produkt\u00f3w,<br \/>\n&#8211; Obs\u0142ugi reklamacji oraz innych spraw zwi\u0105zanych z finalizacj\u0105 zam\u00f3wienia,<br \/>\n&#8211; Komunikacji z Klientem w ramach obs\u0142ugi zam\u00f3wienia.<\/p>\n<p>Kupuj\u0105cy wyra\u017ca zgod\u0119 na przekazanie niezb\u0119dnych danych osobowych podmiotom odpowiedzialnym za realizacj\u0119 zam\u00f3wienia, takim jak firmy kurierskie i podmioty obs\u0142uguj\u0105ce p\u0142atno\u015bci. Dane te s\u0105 przekazywane wy\u0142\u0105cznie w celach zwi\u0105zanych z realizacj\u0105 zam\u00f3wienia.<\/p>\n<p><em><strong>Odbiorcy danych<\/strong><\/em><\/p>\n<p>Odbiorcami danych osobowych mog\u0105 by\u0107:<\/p>\n<p>&#8211; Podmioty obs\u0142uguj\u0105ce p\u0142atno\u015bci,<br \/>\n&#8211; Firmy kurierskie i pocztowe odpowiedzialne za dostarczenie zam\u00f3wienia.<\/p>\n<p>Dane te s\u0105 przekazywane tylko w celach niezb\u0119dnych do realizacji zam\u00f3wienia i zgodnie z przepisami prawa.<\/p>\n<p><em><strong>Prawa os\u00f3b, kt\u00f3rych dane dotycz\u0105<\/strong><\/em><\/p>\n<p>Ka\u017cda osoba, kt\u00f3rej dane dotycz\u0105, ma prawo do:<\/p>\n<p>&#8211; Dost\u0119pu do swoich danych osobowych,<br \/>\n&#8211; Sprostowania swoich danych,<br \/>\n&#8211; Usuni\u0119cia danych (\u201eprawo do bycia zapomnianym\u201d),<br \/>\n&#8211; Ograniczenia przetwarzania,<br \/>\n&#8211; Sprzeciwu wobec przetwarzania danych,<br \/>\n&#8211; Przenoszenia danych,<br \/>\n&#8211; Wniesienia skargi do organu nadzorczego (Prezesa Urz\u0119du Ochrony Danych Osobowych).<\/p>\n<p><em><strong>Okres przechowywania danych<\/strong><\/em><\/p>\n<p>Dane osobowe b\u0119d\u0105 przechowywane przez okres niezb\u0119dny do realizacji zam\u00f3wienia, a nast\u0119pnie przez okres zgodny z przepisami prawa, w tym dotycz\u0105cymi przedawnienia roszcze\u0144.<\/p>\n<p><em><strong>Bezpiecze\u0144stwo danych<\/strong><\/em><\/p>\n<p>Sklep internetowy fospi.eu zobowi\u0105zuje si\u0119 do ochrony danych osobowych Kupuj\u0105cych przed dost\u0119pem os\u00f3b nieupowa\u017cnionych oraz ich niew\u0142a\u015bciwym wykorzystaniem. Stosujemy odpowiednie \u015brodki techniczne i organizacyjne, aby zapewni\u0107 bezpiecze\u0144stwo przetwarzanych danych zgodnie z obowi\u0105zuj\u0105cymi przepisami prawa.<\/p>\n<p><em><strong>Polityka plik\u00f3w cookies<\/strong><\/em><\/p>\n<p>fospi.eu korzysta z plik\u00f3w cookies, kt\u00f3re s\u0105 plikami tekstowymi przechowywanymi w urz\u0105dzeniu ko\u0144cowym U\u017cytkownika, umo\u017cliwiaj\u0105cymi korzystanie ze strony internetowej.<\/p>\n<p>Pliki cookies s\u0105 wykorzystywane w celu:<\/p>\n<p>&#8211; Utrzymania sesji u\u017cytkownika po zalogowaniu,<br \/>\n&#8211; Dostosowania zawarto\u015bci strony internetowej do preferencji U\u017cytkownika,<br \/>\n&#8211; Tworzenia statystyk pomagaj\u0105cych zrozumie\u0107, w jaki spos\u00f3b U\u017cytkownicy korzystaj\u0105 ze strony.<\/p>\n<p>W ramach Sklepu internetowego stosowane s\u0105 dwa rodzaje plik\u00f3w cookies: \u201esesyjne\u201d (tymczasowe) oraz \u201esta\u0142e\u201d. Cookies \u201esesyjne\u201d s\u0105 przechowywane na urz\u0105dzeniu U\u017cytkownika do momentu wylogowania lub zamkni\u0119cia przegl\u0105darki, natomiast \u201esta\u0142e\u201d \u2013 do czasu ich usuni\u0119cia przez U\u017cytkownika lub wyga\u015bni\u0119cia ich wa\u017cno\u015bci.<\/p>\n<p>U\u017cytkownik mo\u017ce w ka\u017cdej chwili zmieni\u0107 ustawienia dotycz\u0105ce cookies w swojej przegl\u0105darce internetowej, w tym zablokowa\u0107 automatyczn\u0105 obs\u0142ug\u0119 plik\u00f3w cookies lub usun\u0105\u0107 ju\u017c zapisane pliki.<\/p>\n<p><strong><em>Zmiany w polityce prywatno\u015bci<\/em><\/strong><\/p>\n<p>Zastrzegamy sobie prawo do wprowadzania zmian w niniejszej polityce prywatno\u015bci. O wszelkich zmianach b\u0119dziemy informowa\u0107 na stronie internetowej sklepu. Aktualna wersja polityki prywatno\u015bci obowi\u0105zuje od momentu jej opublikowania.<\/p>\n","protected":false},"excerpt":{"rendered":"<p>Polityka prywatno\u015bci Niniejsza Polityka Prywatno\u015bci okre\u015bla zasady gromadzenia, przetwarzania i wykorzystywania danych osobowych pozyskanych przez Sklep Internetowy fospi.eu. Administrator danych Administratorem danych osobowych jest Weronika Fortuna, prowadz\u0105ca dzia\u0142alno\u015b\u0107 nierejestrowan\u0105 zgodnie z ustaw\u0105 z dnia 6 marca 2018 r. \u2013 Prawo przedsi\u0119biorc\u00f3w, z siedzib\u0105 w Umieszcz 178, 38-204 Tarnowiec. Z administratorem mo\u017cna skontaktowa\u0107 si\u0119: &#8211; Adres&#8230;<\/p>","protected":false},"author":1,"featured_media":0,"parent":0,"menu_order":0,"comment_status":"closed","ping_status":"closed","template":"","meta":{"_kad_post_transparent":"","_kad_post_title":"hide","_kad_post_layout":"normal","_kad_post_sidebar_id":"","_kad_post_content_style":"unboxed","_kad_post_vertical_padding":"hide","_kad_post_feature":"hide","_kad_post_feature_position":"","_kad_post_header":false,"_kad_post_footer":false,"_kad_post_classname":"","footnotes":""},"class_list":["post-1491","page","type-page","status-publish","hentry"],"_links":{"self":[{"href":"https:\/\/fospi.eu\/en\/wp-json\/wp\/v2\/pages\/1491","targetHints":{"allow":["GET"]}}],"collection":[{"href":"https:\/\/fospi.eu\/en\/wp-json\/wp\/v2\/pages"}],"about":[{"href":"https:\/\/fospi.eu\/en\/wp-json\/wp\/v2\/types\/page"}],"author":[{"embeddable":true,"href":"https:\/\/fospi.eu\/en\/wp-json\/wp\/v2\/users\/1"}],"replies":[{"embeddable":true,"href":"https:\/\/fospi.eu\/en\/wp-json\/wp\/v2\/comments?post=1491"}],"version-history":[{"count":19,"href":"https:\/\/fospi.eu\/en\/wp-json\/wp\/v2\/pages\/1491\/revisions"}],"predecessor-version":[{"id":6523,"href":"https:\/\/fospi.eu\/en\/wp-json\/wp\/v2\/pages\/1491\/revisions\/6523"}],"wp:attachment":[{"href":"https:\/\/fospi.eu\/en\/wp-json\/wp\/v2\/media?parent=1491"}],"curies":[{"name":"wp","href":"https:\/\/api.w.org\/{rel}","templated":true}]}}