{"id":1480,"date":"2024-09-14T13:56:35","date_gmt":"2024-09-14T11:56:35","guid":{"rendered":"http:\/\/localhost\/stronaadresowki\/wordpress\/wordpress\/?page_id=1480"},"modified":"2025-08-30T15:08:32","modified_gmt":"2025-08-30T13:08:32","slug":"zwroty-i-reklamacje","status":"publish","type":"page","link":"https:\/\/fospi.eu\/en\/zwroty-i-reklamacje\/","title":{"rendered":"Returns and complaints"},"content":{"rendered":"<style>\/*! elementor - v3.22.0 - 26-06-2024 *\/\n.elementor-column .elementor-spacer-inner{height:var(--spacer-size)}.e-con{--container-widget-width:100%}.e-con-inner>.elementor-widget-spacer,.e-con>.elementor-widget-spacer{width:var(--container-widget-width,var(--spacer-size));--align-self:var(--container-widget-align-self,initial);--flex-shrink:0}.e-con-inner>.elementor-widget-spacer>.elementor-widget-container,.e-con>.elementor-widget-spacer>.elementor-widget-container{height:100%;width:100%}.e-con-inner>.elementor-widget-spacer>.elementor-widget-container>.elementor-spacer,.e-con>.elementor-widget-spacer>.elementor-widget-container>.elementor-spacer{height:100%}.e-con-inner>.elementor-widget-spacer>.elementor-widget-container>.elementor-spacer>.elementor-spacer-inner,.e-con>.elementor-widget-spacer>.elementor-widget-container>.elementor-spacer>.elementor-spacer-inner{height:var(--container-widget-height,var(--spacer-size))}.e-con-inner>.elementor-widget-spacer.elementor-widget-empty,.e-con>.elementor-widget-spacer.elementor-widget-empty{position:relative;min-height:22px;min-width:22px}.e-con-inner>.elementor-widget-spacer.elementor-widget-empty .elementor-widget-empty-icon,.e-con>.elementor-widget-spacer.elementor-widget-empty .elementor-widget-empty-icon{position:absolute;top:0;bottom:0;left:0;right:0;margin:auto;padding:0;width:22px;height:22px}<\/style>\n<style>\/*! elementor - v3.22.0 - 26-06-2024 *\/\n.elementor-heading-title{padding:0;margin:0;line-height:1}.elementor-widget-heading .elementor-heading-title[class*=elementor-size-]>a{color:inherit;font-size:inherit;line-height:inherit}.elementor-widget-heading .elementor-heading-title.elementor-size-small{font-size:15px}.elementor-widget-heading .elementor-heading-title.elementor-size-medium{font-size:19px}.elementor-widget-heading .elementor-heading-title.elementor-size-large{font-size:29px}.elementor-widget-heading .elementor-heading-title.elementor-size-xl{font-size:39px}.elementor-widget-heading .elementor-heading-title.elementor-size-xxl{font-size:59px}<\/style>\n<h4>Zwroty i reklamacje<\/h4>\n<p><em><strong>Odst\u0105pienie od umowy<br \/><\/strong><\/em><br \/>Produkty sprzedawane w sklepie Psiaczniki nie podlegaj\u0105 zwrotom, gdy\u017c tworzone s\u0105 wed\u0142ug specyfikacji klienta tj. zawieraj\u0105 imi\u0119 i numer telefonu. <br \/>Wed\u0142ug kodeksu praw konsumenta, art. 38 <br \/>Prawo odst\u0105pienia od umowy zawartej na odleg\u0142o\u015b\u0107 nie przys\u0142uguje Konsumentowi w odniesieniu do umowy:<\/p>\n<p>a. w kt\u00f3rej przedmiotem \u015bwiadczenia jest rzecz nieprefabrykowana, wyprodukowana wed\u0142ug specyfikacji Konsumenta lub s\u0142u\u017c\u0105ca zaspokojeniu jego zindywidualizowanych potrzeb.\u00a0(&#8230;)<\/p>\n<p><em><strong>Reklamacja<br \/><\/strong><\/em><br \/>W przypadku wyst\u0105pienia wady zakupionego u Sprzedawcy towaru Kupuj\u0105cy ma prawo do reklamacji w oparciu o przepisy dotycz\u0105ce r\u0119kojmi w kodeksie cywilnym.<\/p>\n<p>Reklamacj\u0119 nale\u017cy zg\u0142osi\u0107 drog\u0105 elektroniczn\u0105 na adres psiaczniki@gmail.com.<br \/>Reklamacj\u0119 mo\u017cesz zg\u0142osi\u0107 w ci\u0105gu 3 dni od zauwa\u017cenia wady.<\/p>\n<p>Reklamacja powinna zawiera\u0107:<br \/>&#8211; imi\u0119 i nazwisko Kupuj\u0105cego,<br \/>&#8211; nazw\u0119 towaru oraz dat\u0119 zakupu,<br \/>&#8211; opis i rodzaj dostrze\u017conej wady.<\/p>\n<p>Sprzedawca ustosunkuje si\u0119 do \u017c\u0105dania reklamacyjnego niezw\u0142ocznie, nie p\u00f3\u017aniej ni\u017c w terminie 14 dni, a je\u015bli nie zrobi tego w tym terminie, uwa\u017ca si\u0119, \u017ce \u017c\u0105danie uzna\u0142 za uzasadnione.<\/p>\n<p>Towary odsy\u0142ane w ramach procedury reklamacyjnej nale\u017cy wysy\u0142a\u0107 na adres podany przez sprzedawc\u0119.<\/p>\n<p>Reklamacji nie podlegaj\u0105 r\u00f3wnie\u017c uszczerbki wynikaj\u0105ce z naturalnego zu\u017cycia produkt\u00f3w podczas ich u\u017cytkowania.<\/p>\n<p>W przypadku wykrycia wady reklamowanego towaru maj\u0105 Pa\u0144stwo prawo:<\/p>\n<p>&#8211; \u017c\u0105da\u0107 wymiany rzeczy na woln\u0105 od wad,<br \/>&#8211; \u017c\u0105da\u0107 usuni\u0119cia wady,<br \/>&#8211; z\u0142o\u017cy\u0107 o\u015bwiadczenie o \u017c\u0105daniu obni\u017cenia ceny lub odst\u0105pienia od umowy.<\/p>\n<p>Koszty przesy\u0142ki zwi\u0105zane z wysy\u0142k\u0105 reklamacji uznanej pokrywa konsument.<\/p>\n","protected":false},"excerpt":{"rendered":"<p>Zwroty i reklamacje Odst\u0105pienie od umowyProdukty sprzedawane w sklepie Psiaczniki nie podlegaj\u0105 zwrotom, gdy\u017c tworzone s\u0105 wed\u0142ug specyfikacji klienta tj. zawieraj\u0105 imi\u0119 i numer telefonu. Wed\u0142ug kodeksu praw konsumenta, art. 38 Prawo odst\u0105pienia od umowy zawartej na odleg\u0142o\u015b\u0107 nie przys\u0142uguje Konsumentowi w odniesieniu do umowy: a. w kt\u00f3rej przedmiotem \u015bwiadczenia jest rzecz nieprefabrykowana, wyprodukowana wed\u0142ug&#8230;<\/p>","protected":false},"author":1,"featured_media":0,"parent":0,"menu_order":0,"comment_status":"closed","ping_status":"closed","template":"","meta":{"_kad_post_transparent":"","_kad_post_title":"hide","_kad_post_layout":"normal","_kad_post_sidebar_id":"","_kad_post_content_style":"unboxed","_kad_post_vertical_padding":"hide","_kad_post_feature":"hide","_kad_post_feature_position":"","_kad_post_header":false,"_kad_post_footer":false,"_kad_post_classname":"","footnotes":""},"class_list":["post-1480","page","type-page","status-publish","hentry"],"_links":{"self":[{"href":"https:\/\/fospi.eu\/en\/wp-json\/wp\/v2\/pages\/1480","targetHints":{"allow":["GET"]}}],"collection":[{"href":"https:\/\/fospi.eu\/en\/wp-json\/wp\/v2\/pages"}],"about":[{"href":"https:\/\/fospi.eu\/en\/wp-json\/wp\/v2\/types\/page"}],"author":[{"embeddable":true,"href":"https:\/\/fospi.eu\/en\/wp-json\/wp\/v2\/users\/1"}],"replies":[{"embeddable":true,"href":"https:\/\/fospi.eu\/en\/wp-json\/wp\/v2\/comments?post=1480"}],"version-history":[{"count":20,"href":"https:\/\/fospi.eu\/en\/wp-json\/wp\/v2\/pages\/1480\/revisions"}],"predecessor-version":[{"id":2308,"href":"https:\/\/fospi.eu\/en\/wp-json\/wp\/v2\/pages\/1480\/revisions\/2308"}],"wp:attachment":[{"href":"https:\/\/fospi.eu\/en\/wp-json\/wp\/v2\/media?parent=1480"}],"curies":[{"name":"wp","href":"https:\/\/api.w.org\/{rel}","templated":true}]}}